{"id":100,"date":"2021-01-01T10:52:47","date_gmt":"2021-01-01T09:52:47","guid":{"rendered":"http:\/\/fresh-citrusline.com\/?page_id=100"},"modified":"2025-05-02T16:17:19","modified_gmt":"2025-05-02T14:17:19","slug":"strona-glowna","status":"publish","type":"page","link":"https:\/\/grafikom.eu\/","title":{"rendered":""},"content":{"rendered":"\n<p class=\"has-text-align-center powieksz has-normal-font-size\">EXHIBITION STAND DESIGN STUDIO &amp; INTERIOR ARRANGEMENT<\/p>\n\n\n\n<p class=\"has-text-align-center\"><strong>Good ideas deserve lasting form.<\/strong><\/p>\n\n\n\n<p class=\"has-text-align-center\">We specialize in the design and construction of exhibition stands as well as interior arrangements, tailored to the unique needs of our clients. With years of experience, we create functional and visually distinctive spaces that stand out in any competitive environment.<\/p>\n\n\n\n<p class=\"has-text-align-center\">If you&#8217;re looking for original solutions but aren&#8217;t sure where to start, we&#8217;re here to help.<br><a href=\"https:\/\/grafikom.eu\/index.php\/kontakt\/\"><strong>Get in touch with us.<\/strong><\/a><\/p>\n\n\n\n<div class=\"wp-block-columns has-2-columns\"><\/div>\n\n\n\n<div class=\"wp-block-columns\">\n<div class=\"wp-block-column\">\n<figure class=\"wp-block-image size-large\"><a href=\"https:\/\/grafikom.eu\/index.php\/stoiska\/\"><img loading=\"lazy\" width=\"1024\" height=\"576\" src=\"https:\/\/grafikom.eu\/wp-content\/uploads\/2025\/05\/str1-1-1024x576-1.jpg\" alt=\"\" class=\"wp-image-1463\" srcset=\"https:\/\/grafikom.eu\/wp-content\/uploads\/2025\/05\/str1-1-1024x576-1.jpg 1024w, https:\/\/grafikom.eu\/wp-content\/uploads\/2025\/05\/str1-1-1024x576-1-300x169.jpg 300w, https:\/\/grafikom.eu\/wp-content\/uploads\/2025\/05\/str1-1-1024x576-1-768x432.jpg 768w, https:\/\/grafikom.eu\/wp-content\/uploads\/2025\/05\/str1-1-1024x576-1-583x328.jpg 583w\" sizes=\"(max-width: 1024px) 100vw, 1024px\" \/><\/a><\/figure>\n<\/div>\n\n\n\n<div class=\"wp-block-column\">\n<figure class=\"wp-block-image size-large\"><a href=\"https:\/\/grafikom.eu\/index.php\/wnetrza\/\"><img loading=\"lazy\" width=\"1024\" height=\"576\" src=\"https:\/\/grafikom.eu\/wp-content\/uploads\/2025\/05\/str-2-1024x576-1.jpg\" alt=\"\" class=\"wp-image-1462\" srcset=\"https:\/\/grafikom.eu\/wp-content\/uploads\/2025\/05\/str-2-1024x576-1.jpg 1024w, https:\/\/grafikom.eu\/wp-content\/uploads\/2025\/05\/str-2-1024x576-1-300x169.jpg 300w, https:\/\/grafikom.eu\/wp-content\/uploads\/2025\/05\/str-2-1024x576-1-768x432.jpg 768w, https:\/\/grafikom.eu\/wp-content\/uploads\/2025\/05\/str-2-1024x576-1-583x328.jpg 583w\" sizes=\"(max-width: 1024px) 100vw, 1024px\" \/><\/a><\/figure>\n\n\n\n<p><\/p>\n<\/div>\n<\/div>\n\n\n\n<p><\/p>\n","protected":false},"excerpt":{"rendered":"<p>EXHIBITION STAND DESIGN STUDIO &amp; INTERIOR ARRANGEMENT Good ideas deserve lasting form. We specialize in the design and construction of exhibition stands as well as &hellip;<\/p>\n","protected":false},"author":1,"featured_media":0,"parent":0,"menu_order":0,"comment_status":"closed","ping_status":"closed","template":"","meta":[],"yoast_head":"<!-- This site is optimized with the Yoast SEO plugin v15.8 - https:\/\/yoast.com\/wordpress\/plugins\/seo\/ -->\n<title>- GRAFIKOM<\/title>\n<meta name=\"description\" content=\"Od ponad 20 lat projektujemy i wykonujemy stoiska targowe na terenie Polski i Europy. Oferujemy kompleksow\u0105 obs\u0142ug\u0119 \u2013 od projektu po monta\u017c.\" \/>\n<meta name=\"robots\" content=\"index, follow, max-snippet:-1, max-image-preview:large, max-video-preview:-1\" \/>\n<link rel=\"canonical\" href=\"https:\/\/grafikom.eu\/\" \/>\n<meta property=\"og:locale\" content=\"pl_PL\" \/>\n<meta property=\"og:type\" content=\"article\" \/>\n<meta property=\"og:title\" content=\"- GRAFIKOM\" \/>\n<meta property=\"og:description\" content=\"Od ponad 20 lat projektujemy i wykonujemy stoiska targowe na terenie Polski i Europy. Oferujemy kompleksow\u0105 obs\u0142ug\u0119 \u2013 od projektu po monta\u017c.\" \/>\n<meta property=\"og:url\" content=\"https:\/\/grafikom.eu\/\" \/>\n<meta property=\"og:site_name\" content=\"GRAFIKOM\" \/>\n<meta property=\"article:modified_time\" content=\"2025-05-02T14:17:19+00:00\" \/>\n<meta property=\"og:image\" content=\"https:\/\/grafikom.eu\/wp-content\/uploads\/2025\/05\/str1-1-1024x576-1.jpg\" \/>\n<meta name=\"twitter:card\" content=\"summary_large_image\" \/>\n<meta name=\"twitter:label1\" content=\"Est. reading time\">\n\t<meta name=\"twitter:data1\" content=\"1 minuta\">\n<script type=\"application\/ld+json\" class=\"yoast-schema-graph\">{\"@context\":\"https:\/\/schema.org\",\"@graph\":[{\"@type\":\"WebSite\",\"@id\":\"https:\/\/grafikom.eu\/#website\",\"url\":\"https:\/\/grafikom.eu\/\",\"name\":\"GRAFIKOM\",\"description\":\"\",\"potentialAction\":[{\"@type\":\"SearchAction\",\"target\":\"https:\/\/grafikom.eu\/?s={search_term_string}\",\"query-input\":\"required name=search_term_string\"}],\"inLanguage\":\"pl-PL\"},{\"@type\":\"ImageObject\",\"@id\":\"https:\/\/grafikom.eu\/#primaryimage\",\"inLanguage\":\"pl-PL\",\"url\":\"https:\/\/grafikom.eu\/wp-content\/uploads\/2025\/05\/str1-1-1024x576-1.jpg\",\"width\":1024,\"height\":576},{\"@type\":\"WebPage\",\"@id\":\"https:\/\/grafikom.eu\/#webpage\",\"url\":\"https:\/\/grafikom.eu\/\",\"name\":\"- GRAFIKOM\",\"isPartOf\":{\"@id\":\"https:\/\/grafikom.eu\/#website\"},\"primaryImageOfPage\":{\"@id\":\"https:\/\/grafikom.eu\/#primaryimage\"},\"datePublished\":\"2021-01-01T09:52:47+00:00\",\"dateModified\":\"2025-05-02T14:17:19+00:00\",\"description\":\"Od ponad 20 lat projektujemy i wykonujemy stoiska targowe na terenie Polski i Europy. Oferujemy kompleksow\\u0105 obs\\u0142ug\\u0119 \\u2013 od projektu po monta\\u017c.\",\"breadcrumb\":{\"@id\":\"https:\/\/grafikom.eu\/#breadcrumb\"},\"inLanguage\":\"pl-PL\",\"potentialAction\":[{\"@type\":\"ReadAction\",\"target\":[\"https:\/\/grafikom.eu\/\"]}]},{\"@type\":\"BreadcrumbList\",\"@id\":\"https:\/\/grafikom.eu\/#breadcrumb\",\"itemListElement\":[{\"@type\":\"ListItem\",\"position\":1,\"item\":{\"@type\":\"WebPage\",\"@id\":\"https:\/\/grafikom.eu\/\",\"url\":\"https:\/\/grafikom.eu\/\",\"name\":\"Strona g\\u0142\\u00f3wna\"}},{\"@type\":\"ListItem\",\"position\":2,\"item\":{\"@type\":\"WebPage\",\"@id\":\"https:\/\/grafikom.eu\/\",\"url\":\"https:\/\/grafikom.eu\/\",\"name\":\"- GRAFIKOM\"}}]}]}<\/script>\n<!-- \/ Yoast SEO plugin. -->","_links":{"self":[{"href":"https:\/\/grafikom.eu\/index.php\/wp-json\/wp\/v2\/pages\/100"}],"collection":[{"href":"https:\/\/grafikom.eu\/index.php\/wp-json\/wp\/v2\/pages"}],"about":[{"href":"https:\/\/grafikom.eu\/index.php\/wp-json\/wp\/v2\/types\/page"}],"author":[{"embeddable":true,"href":"https:\/\/grafikom.eu\/index.php\/wp-json\/wp\/v2\/users\/1"}],"replies":[{"embeddable":true,"href":"https:\/\/grafikom.eu\/index.php\/wp-json\/wp\/v2\/comments?post=100"}],"version-history":[{"count":86,"href":"https:\/\/grafikom.eu\/index.php\/wp-json\/wp\/v2\/pages\/100\/revisions"}],"predecessor-version":[{"id":1468,"href":"https:\/\/grafikom.eu\/index.php\/wp-json\/wp\/v2\/pages\/100\/revisions\/1468"}],"wp:attachment":[{"href":"https:\/\/grafikom.eu\/index.php\/wp-json\/wp\/v2\/media?parent=100"}],"curies":[{"name":"wp","href":"https:\/\/api.w.org\/{rel}","templated":true}]}}